{"id":2044,"date":"2020-10-29T02:36:17","date_gmt":"2020-10-29T02:36:17","guid":{"rendered":"https:\/\/grapheneljsc.com\/?page_id=2044"},"modified":"2021-02-02T02:55:47","modified_gmt":"2021-02-02T02:55:47","slug":"applied-research","status":"publish","type":"page","link":"https:\/\/grapheneljsc.com\/vi\/applied-research\/","title":{"rendered":"T\u00ednh \u1ee9ng d\u1ee5ng"},"content":{"rendered":"<div data-elementor-type=\"wp-page\" data-elementor-id=\"2044\" class=\"elementor elementor-2044\" data-elementor-settings=\"[]\">\n\t\t\t\t\t\t<div class=\"elementor-inner\">\n\t\t\t\t\t\t\t<div class=\"elementor-section-wrap\">\n\t\t\t\t\t\t\t<section class=\"elementor-section elementor-top-section elementor-element elementor-element-66b1c1bf elementor-section-height-min-height elementor-section-boxed elementor-section-height-default elementor-section-items-middle\" data-id=\"66b1c1bf\" data-element_type=\"section\" data-settings=\"{&quot;background_background&quot;:&quot;classic&quot;}\">\n\t\t\t\t\t\t\t<div class=\"elementor-background-overlay\"><\/div>\n\t\t\t\t\t\t\t<div class=\"elementor-container elementor-column-gap-default\">\n\t\t\t\t\t\t\t<div class=\"elementor-row\">\n\t\t\t\t\t<div class=\"elementor-column elementor-col-100 elementor-top-column elementor-element elementor-element-5856255\" data-id=\"5856255\" data-element_type=\"column\">\n\t\t\t<div class=\"elementor-column-wrap elementor-element-populated\">\n\t\t\t\t\t\t\t<div class=\"elementor-widget-wrap\">\n\t\t\t\t\t\t<div class=\"elementor-element elementor-element-4d702eb elementor-widget elementor-widget-heading\" data-id=\"4d702eb\" data-element_type=\"widget\" data-widget_type=\"heading.default\">\n\t\t\t\t<div class=\"elementor-widget-container\">\n\t\t\t<h2 class=\"elementor-heading-title elementor-size-default\">\"Graphene - V\u1eadt li\u1ec7u k\u1ef3 di\u1ec7u \u0111ang c\u00e1ch m\u1ea1ng h\u00f3a \u0111a ng\u00e0nh c\u00f4ng nghi\u1ec7p tr\u00ean to\u00e0n c\u1ea7u.\"\n<\/h2>\t\t<\/div>\n\t\t\t\t<\/div>\n\t\t\t\t\t\t<\/div>\n\t\t\t\t\t<\/div>\n\t\t<\/div>\n\t\t\t\t\t\t\t\t<\/div>\n\t\t\t\t\t<\/div>\n\t\t<\/section>\n\t\t\t\t<section class=\"elementor-section elementor-top-section elementor-element elementor-element-242e5be7 elementor-section-height-min-height elementor-section-content-middle elementor-section-boxed elementor-section-height-default elementor-section-items-middle\" data-id=\"242e5be7\" data-element_type=\"section\" data-settings=\"{&quot;background_background&quot;:&quot;classic&quot;}\">\n\t\t\t\t\t\t<div class=\"elementor-container elementor-column-gap-default\">\n\t\t\t\t\t\t\t<div class=\"elementor-row\">\n\t\t\t\t\t<div class=\"elementor-column elementor-col-50 elementor-top-column elementor-element elementor-element-30cac60a\" data-id=\"30cac60a\" data-element_type=\"column\">\n\t\t\t<div class=\"elementor-column-wrap elementor-element-populated\">\n\t\t\t\t\t\t\t<div class=\"elementor-widget-wrap\">\n\t\t\t\t\t\t<div class=\"elementor-element elementor-element-d049a8a elementor-widget elementor-widget-heading\" data-id=\"d049a8a\" data-element_type=\"widget\" data-widget_type=\"heading.default\">\n\t\t\t\t<div class=\"elementor-widget-container\">\n\t\t\t<h3 class=\"elementor-heading-title elementor-size-large\">T\u1ea7m nh\u00ecn Nghi\u00ean c\u1ee9u &amp; Ph\u00e1t tri\u1ec3n<\/h3>\t\t<\/div>\n\t\t\t\t<\/div>\n\t\t\t\t<div class=\"elementor-element elementor-element-6ea0a9a elementor-widget elementor-widget-text-editor\" data-id=\"6ea0a9a\" data-element_type=\"widget\" data-widget_type=\"text-editor.default\">\n\t\t\t\t<div class=\"elementor-widget-container\">\n\t\t\t\t\t\t\t\t<div class=\"elementor-text-editor elementor-clearfix\">\n\t\t\t\t<p><b>T\u1ed5ng h\u1ee3p v\u1ec1 Graphene<\/b><\/p>\t\t\t\t\t<\/div>\n\t\t\t\t\t\t<\/div>\n\t\t\t\t<\/div>\n\t\t\t\t<div class=\"elementor-element elementor-element-da93235 elementor-widget elementor-widget-text-editor\" data-id=\"da93235\" data-element_type=\"widget\" data-widget_type=\"text-editor.default\">\n\t\t\t\t<div class=\"elementor-widget-container\">\n\t\t\t\t\t\t\t\t<div class=\"elementor-text-editor elementor-clearfix\">\n\t\t\t\t<ul><li>T\u1ed1i \u01b0u ho\u00e1 ch\u1ea5t x\u00fac t\u00e1c<\/li><li>T\u1ed1i \u01b0u ho\u00e1 quy tr\u00ecnh<\/li><li>T\u1ed1i \u01b0u ho\u00e1 chi ph\u00ed s\u1ea3n xu\u1ea5t<\/li><\/ul>\t\t\t\t\t<\/div>\n\t\t\t\t\t\t<\/div>\n\t\t\t\t<\/div>\n\t\t\t\t<div class=\"elementor-element elementor-element-ef2b96b elementor-widget elementor-widget-text-editor\" data-id=\"ef2b96b\" data-element_type=\"widget\" data-widget_type=\"text-editor.default\">\n\t\t\t\t<div class=\"elementor-widget-container\">\n\t\t\t\t\t\t\t\t<div class=\"elementor-text-editor elementor-clearfix\">\n\t\t\t\t<p><b>Ph\u00e1t tri\u1ec3n s\u1ea3n ph\u1ea9m\u00a0<\/b><\/p>\t\t\t\t\t<\/div>\n\t\t\t\t\t\t<\/div>\n\t\t\t\t<\/div>\n\t\t\t\t<div class=\"elementor-element elementor-element-b479684 elementor-widget elementor-widget-text-editor\" data-id=\"b479684\" data-element_type=\"widget\" data-widget_type=\"text-editor.default\">\n\t\t\t\t<div class=\"elementor-widget-container\">\n\t\t\t\t\t\t\t\t<div class=\"elementor-text-editor elementor-clearfix\">\n\t\t\t\t<ul><li>C\u1ea3i ti\u1ebfn li\u00ean t\u1ee5c c\u00e1c \u0111\u1eb7c t\u00ednh c\u1ee7a s\u1ea3n ph\u1ea9m<\/li><li>T\u1ed1i \u01b0u h\u00f3a vi\u1ec7c t\u00edch h\u1ee3p s\u1ea3n ph\u1ea9m v\u00e0o quy tr\u00ecnh s\u1ea3n xu\u1ea5t c\u1ee7a kh\u00e1ch h\u00e0ng<\/li><li>\u0110i\u1ec1u ch\u1ec9nh ph\u1ea1m vi theo nhu c\u1ea7u c\u1ee7a kh\u00e1ch h\u00e0ng<\/li><\/ul>\t\t\t\t\t<\/div>\n\t\t\t\t\t\t<\/div>\n\t\t\t\t<\/div>\n\t\t\t\t\t\t<\/div>\n\t\t\t\t\t<\/div>\n\t\t<\/div>\n\t\t\t\t<div class=\"elementor-column elementor-col-50 elementor-top-column elementor-element elementor-element-71530cc8\" data-id=\"71530cc8\" data-element_type=\"column\">\n\t\t\t<div class=\"elementor-column-wrap elementor-element-populated\">\n\t\t\t\t\t\t\t<div class=\"elementor-widget-wrap\">\n\t\t\t\t\t\t<div class=\"elementor-element elementor-element-fa206ba elementor-widget elementor-widget-heading\" data-id=\"fa206ba\" data-element_type=\"widget\" data-widget_type=\"heading.default\">\n\t\t\t\t<div class=\"elementor-widget-container\">\n\t\t\t<h3 class=\"elementor-heading-title elementor-size-large\">\u1ee8NG D\u1ee4NG CH\u00cdNH<\/h3>\t\t<\/div>\n\t\t\t\t<\/div>\n\t\t\t\t<div class=\"elementor-element elementor-element-1d0fb5f elementor-widget elementor-widget-text-editor\" data-id=\"1d0fb5f\" data-element_type=\"widget\" data-widget_type=\"text-editor.default\">\n\t\t\t\t<div class=\"elementor-widget-container\">\n\t\t\t\t\t\t\t\t<div class=\"elementor-text-editor elementor-clearfix\">\n\t\t\t\t<p><b>V\u1eadt li\u1ec7u t\u1ed5ng h\u1ee3p v\u00e0 l\u1edbp ph\u1ee7:<\/b> V\u1eadt li\u1ec7u composite graphene g\u00e2y ti\u1ebfng vang \u0111a ng\u00e0nh nh\u1edd hi\u1ec7u n\u0103ng v\u01b0\u1ee3t tr\u1ed9i v\u00e0 kh\u1ea3 n\u0103ng \u1ee9ng d\u1ee5ng \u0111\u1ed9t ph\u00e1, m\u1edf ra k\u1ef7 nguy\u00ean m\u1edbi cho c\u00f4ng nghi\u1ec7p hi\u1ec7n \u0111\u1ea1i.<\/p>\t\t\t\t\t<\/div>\n\t\t\t\t\t\t<\/div>\n\t\t\t\t<\/div>\n\t\t\t\t<div class=\"elementor-element elementor-element-979a75c elementor-widget elementor-widget-text-editor\" data-id=\"979a75c\" data-element_type=\"widget\" data-widget_type=\"text-editor.default\">\n\t\t\t\t<div class=\"elementor-widget-container\">\n\t\t\t\t\t\t\t\t<div class=\"elementor-text-editor elementor-clearfix\">\n\t\t\t\t<p><b>N\u0103ng l\u01b0\u1ee3ng:<\/b> H\u00e3y t\u01b0\u1edfng t\u01b0\u1ee3ng vi\u1ec7c s\u1ea1c \u0111\u1ea7y m\u1ed9t chi\u1ebfc \u0111i\u1ec7n tho\u1ea1i th\u00f4ng minh trong v\u00e0i gi\u00e2y ho\u1eb7c m\u1ed9t chi\u1ebfc \u00f4 t\u00f4 \u0111i\u1ec7n trong v\u00e0i ph\u00fat. \u0110\u00f3 ch\u00ednh l\u00e0 s\u1ee9c m\u1ea1nh c\u1ee7a graphene.<\/p>\t\t\t\t\t<\/div>\n\t\t\t\t\t\t<\/div>\n\t\t\t\t<\/div>\n\t\t\t\t\t\t<\/div>\n\t\t\t\t\t<\/div>\n\t\t<\/div>\n\t\t\t\t\t\t\t\t<\/div>\n\t\t\t\t\t<\/div>\n\t\t<\/section>\n\t\t\t\t<section class=\"elementor-section elementor-top-section elementor-element elementor-element-7812d67 elementor-section-height-min-height elementor-section-content-middle elementor-section-boxed elementor-section-height-default elementor-section-items-middle\" data-id=\"7812d67\" data-element_type=\"section\" data-settings=\"{&quot;background_background&quot;:&quot;classic&quot;}\">\n\t\t\t\t\t\t<div class=\"elementor-container elementor-column-gap-default\">\n\t\t\t\t\t\t\t<div class=\"elementor-row\">\n\t\t\t\t\t<div class=\"elementor-column elementor-col-50 elementor-top-column elementor-element elementor-element-9c424ca\" data-id=\"9c424ca\" data-element_type=\"column\">\n\t\t\t<div class=\"elementor-column-wrap elementor-element-populated\">\n\t\t\t\t\t\t\t<div class=\"elementor-widget-wrap\">\n\t\t\t\t\t\t<div class=\"elementor-element elementor-element-de82dc7 elementor-widget elementor-widget-heading\" data-id=\"de82dc7\" data-element_type=\"widget\" data-widget_type=\"heading.default\">\n\t\t\t\t<div class=\"elementor-widget-container\">\n\t\t\t<h3 class=\"elementor-heading-title elementor-size-large\">\u0110i\u1ec7n t\u1eed sinh h\u1ecdc Graphene<\/h3>\t\t<\/div>\n\t\t\t\t<\/div>\n\t\t\t\t<div class=\"elementor-element elementor-element-4dd0e2f elementor-widget elementor-widget-text-editor\" data-id=\"4dd0e2f\" data-element_type=\"widget\" data-widget_type=\"text-editor.default\">\n\t\t\t\t<div class=\"elementor-widget-container\">\n\t\t\t\t\t\t\t\t<div class=\"elementor-text-editor elementor-clearfix\">\n\t\t\t\t<p>Ch\u01b0\u01a1ng 3: Nh\u1eefng ti\u1ebfn b\u1ed9 g\u1ea7n \u0111\u00e2y trong v\u1eadt li\u1ec7u lai h\u1ee3p kim gi\u1eefa kim lo\u1ea1i-graphene d\u00f9ng cho c\u1ea3m bi\u1ebfn sinh h\u1ecdc.<\/p><p>ScienceDirect: \u0110\u1ed3ng t\u00e1c gi\u1ea3 GS. TS\u00a0<a href=\"https:\/\/www.mendeley.com\/profiles\/thanh-tran56\/\">Thanh Tran<\/a>\u00a0<\/p>\t\t\t\t\t<\/div>\n\t\t\t\t\t\t<\/div>\n\t\t\t\t<\/div>\n\t\t\t\t\t\t<\/div>\n\t\t\t\t\t<\/div>\n\t\t<\/div>\n\t\t\t\t<div class=\"elementor-column elementor-col-50 elementor-top-column elementor-element elementor-element-a3b9f78\" data-id=\"a3b9f78\" data-element_type=\"column\">\n\t\t\t<div class=\"elementor-column-wrap elementor-element-populated\">\n\t\t\t\t\t\t\t<div class=\"elementor-widget-wrap\">\n\t\t\t\t\t\t<div class=\"elementor-element elementor-element-65d5562 elementor-widget elementor-widget-image\" data-id=\"65d5562\" data-element_type=\"widget\" data-widget_type=\"image.default\">\n\t\t\t\t<div class=\"elementor-widget-container\">\n\t\t\t\t\t\t\t\t<div class=\"elementor-image\">\n\t\t\t\t\t\t\t\t\t\t\t\t<img width=\"232\" height=\"300\" src=\"https:\/\/grapheneljsc.com\/wp-content\/uploads\/2020\/10\/Cleantech2014-copy-232x300.jpg\" class=\"attachment-medium size-medium\" alt=\"\" loading=\"lazy\" srcset=\"https:\/\/grapheneljsc.com\/wp-content\/uploads\/2020\/10\/Cleantech2014-copy-232x300.jpg 232w, https:\/\/grapheneljsc.com\/wp-content\/uploads\/2020\/10\/Cleantech2014-copy.jpg 612w\" sizes=\"(max-width: 232px) 100vw, 232px\" \/>\t\t\t\t\t\t\t\t\t\t\t\t\t\t<\/div>\n\t\t\t\t\t\t<\/div>\n\t\t\t\t<\/div>\n\t\t\t\t<div class=\"elementor-element elementor-element-fd4951b elementor-widget elementor-widget-heading\" data-id=\"fd4951b\" data-element_type=\"widget\" data-widget_type=\"heading.default\">\n\t\t\t\t<div class=\"elementor-widget-container\">\n\t\t\t<p class=\"elementor-heading-title elementor-size-medium\"><a href=\"https:\/\/www.sciencedirect.com\/science\/article\/pii\/B9780128133491000032\" target=\"_blank\">\u0110\u1ecdc th\u00eam<\/a><\/p>\t\t<\/div>\n\t\t\t\t<\/div>\n\t\t\t\t\t\t<\/div>\n\t\t\t\t\t<\/div>\n\t\t<\/div>\n\t\t\t\t\t\t\t\t<\/div>\n\t\t\t\t\t<\/div>\n\t\t<\/section>\n\t\t\t\t<section class=\"elementor-section elementor-top-section elementor-element elementor-element-9558695 elementor-section-height-min-height elementor-section-content-middle elementor-section-boxed elementor-section-height-default elementor-section-items-middle\" data-id=\"9558695\" data-element_type=\"section\" data-settings=\"{&quot;background_background&quot;:&quot;classic&quot;}\">\n\t\t\t\t\t\t<div class=\"elementor-container elementor-column-gap-default\">\n\t\t\t\t\t\t\t<div class=\"elementor-row\">\n\t\t\t\t\t<div class=\"elementor-column elementor-col-50 elementor-top-column elementor-element elementor-element-bbc9d85\" data-id=\"bbc9d85\" data-element_type=\"column\">\n\t\t\t<div class=\"elementor-column-wrap elementor-element-populated\">\n\t\t\t\t\t\t\t<div class=\"elementor-widget-wrap\">\n\t\t\t\t\t\t<div class=\"elementor-element elementor-element-7fd042e elementor-widget elementor-widget-heading\" data-id=\"7fd042e\" data-element_type=\"widget\" data-widget_type=\"heading.default\">\n\t\t\t\t<div class=\"elementor-widget-container\">\n\t\t\t<h3 class=\"elementor-heading-title elementor-size-large\">SOLUBLE GRAPHENE HYBRID COMPOSITE BY PHYSICAL FUNCTIONALIZATION\u200b<\/h3>\t\t<\/div>\n\t\t\t\t<\/div>\n\t\t\t\t<div class=\"elementor-element elementor-element-950603e elementor-widget elementor-widget-text-editor\" data-id=\"950603e\" data-element_type=\"widget\" data-widget_type=\"text-editor.default\">\n\t\t\t\t<div class=\"elementor-widget-container\">\n\t\t\t\t\t\t\t\t<div class=\"elementor-text-editor elementor-clearfix\">\n\t\t\t\t<p style=\"text-align: start;\">V\u1eadt li\u1ec7u &amp; S\u1ea3n xu\u1ea5t ti\u00ean ti\u1ebfn | N\u0103ng l\u01b0\u1ee3ng &amp; Ph\u00e1t tri\u1ec3n b\u1ec1n v\u1eefng<\/p><p><span style=\"text-align: start;\">TechConnect Briefs: \u0110\u1ed3ng t\u00e1c gi\u1ea3 Tu\u1ea5n L\u00ea<\/span><\/p>\t\t\t\t\t<\/div>\n\t\t\t\t\t\t<\/div>\n\t\t\t\t<\/div>\n\t\t\t\t\t\t<\/div>\n\t\t\t\t\t<\/div>\n\t\t<\/div>\n\t\t\t\t<div class=\"elementor-column elementor-col-50 elementor-top-column elementor-element elementor-element-fb59021\" data-id=\"fb59021\" data-element_type=\"column\">\n\t\t\t<div class=\"elementor-column-wrap elementor-element-populated\">\n\t\t\t\t\t\t\t<div class=\"elementor-widget-wrap\">\n\t\t\t\t\t\t<div class=\"elementor-element elementor-element-73e5993 elementor-widget elementor-widget-image\" data-id=\"73e5993\" data-element_type=\"widget\" data-widget_type=\"image.default\">\n\t\t\t\t<div class=\"elementor-widget-container\">\n\t\t\t\t\t\t\t\t<div class=\"elementor-image\">\n\t\t\t\t\t\t\t\t\t\t\t\t<img width=\"232\" height=\"300\" src=\"https:\/\/grapheneljsc.com\/wp-content\/uploads\/2020\/10\/Cleantech2014-232x300.jpg\" class=\"attachment-medium size-medium\" alt=\"\" loading=\"lazy\" srcset=\"https:\/\/grapheneljsc.com\/wp-content\/uploads\/2020\/10\/Cleantech2014-232x300.jpg 232w, https:\/\/grapheneljsc.com\/wp-content\/uploads\/2020\/10\/Cleantech2014.jpg 612w\" sizes=\"(max-width: 232px) 100vw, 232px\" \/>\t\t\t\t\t\t\t\t\t\t\t\t\t\t<\/div>\n\t\t\t\t\t\t<\/div>\n\t\t\t\t<\/div>\n\t\t\t\t<div class=\"elementor-element elementor-element-6f555fc elementor-widget elementor-widget-heading\" data-id=\"6f555fc\" data-element_type=\"widget\" data-widget_type=\"heading.default\">\n\t\t\t\t<div class=\"elementor-widget-container\">\n\t\t\t<p class=\"elementor-heading-title elementor-size-medium\"><a href=\"https:\/\/briefs.techconnect.org\/papers\/soluble-graphene-hybrid-composite-ghc-by-physical-functionalization-2\/\" target=\"_blank\">\u0110\u1ecdc th\u00eam<\/a><\/p>\t\t<\/div>\n\t\t\t\t<\/div>\n\t\t\t\t\t\t<\/div>\n\t\t\t\t\t<\/div>\n\t\t<\/div>\n\t\t\t\t\t\t\t\t<\/div>\n\t\t\t\t\t<\/div>\n\t\t<\/section>\n\t\t\t\t<section class=\"elementor-section elementor-top-section elementor-element elementor-element-2f6a9b58 elementor-section-height-min-height elementor-section-content-middle elementor-section-boxed elementor-section-height-default elementor-section-items-middle\" data-id=\"2f6a9b58\" data-element_type=\"section\" data-settings=\"{&quot;background_background&quot;:&quot;classic&quot;}\">\n\t\t\t\t\t\t<div class=\"elementor-container elementor-column-gap-default\">\n\t\t\t\t\t\t\t<div class=\"elementor-row\">\n\t\t\t\t\t<div class=\"elementor-column elementor-col-50 elementor-top-column elementor-element elementor-element-238c4e4\" data-id=\"238c4e4\" data-element_type=\"column\">\n\t\t\t<div class=\"elementor-column-wrap elementor-element-populated\">\n\t\t\t\t\t\t\t<div class=\"elementor-widget-wrap\">\n\t\t\t\t\t\t<div class=\"elementor-element elementor-element-42976b6 elementor-widget elementor-widget-heading\" data-id=\"42976b6\" data-element_type=\"widget\" data-widget_type=\"heading.default\">\n\t\t\t\t<div class=\"elementor-widget-container\">\n\t\t\t<h3 class=\"elementor-heading-title elementor-size-large\">High Electrical Conductivity Graphene Hybrid Composite Synthesized With Catalyst Stagger<\/h3>\t\t<\/div>\n\t\t\t\t<\/div>\n\t\t\t\t<div class=\"elementor-element elementor-element-75e46e39 elementor-widget elementor-widget-text-editor\" data-id=\"75e46e39\" data-element_type=\"widget\" data-widget_type=\"text-editor.default\">\n\t\t\t\t<div class=\"elementor-widget-container\">\n\t\t\t\t\t\t\t\t<div class=\"elementor-text-editor elementor-clearfix\">\n\t\t\t\t<p>C\u1ea5u tr\u00fac &amp; Thi\u1ebft b\u1ecb Nano Carbon, Graphene &amp; V\u1eadt li\u1ec7u 2D<\/p><p>TechConnect Briefs: \u0110\u1ed3ng t\u00e1c gi\u1ea3 Jat Le<\/p>\t\t\t\t\t<\/div>\n\t\t\t\t\t\t<\/div>\n\t\t\t\t<\/div>\n\t\t\t\t\t\t<\/div>\n\t\t\t\t\t<\/div>\n\t\t<\/div>\n\t\t\t\t<div class=\"elementor-column elementor-col-50 elementor-top-column elementor-element elementor-element-24173f8e\" data-id=\"24173f8e\" data-element_type=\"column\">\n\t\t\t<div class=\"elementor-column-wrap elementor-element-populated\">\n\t\t\t\t\t\t\t<div class=\"elementor-widget-wrap\">\n\t\t\t\t\t\t<div class=\"elementor-element elementor-element-51a7aa3b elementor-widget elementor-widget-image\" data-id=\"51a7aa3b\" data-element_type=\"widget\" data-widget_type=\"image.default\">\n\t\t\t\t<div class=\"elementor-widget-container\">\n\t\t\t\t\t\t\t\t<div class=\"elementor-image\">\n\t\t\t\t\t\t\t\t\t\t\t\t<img width=\"232\" height=\"300\" src=\"https:\/\/grapheneljsc.com\/wp-content\/uploads\/2020\/10\/Nanotech2012v1-232x300.jpg\" class=\"attachment-medium size-medium\" alt=\"\" loading=\"lazy\" srcset=\"https:\/\/grapheneljsc.com\/wp-content\/uploads\/2020\/10\/Nanotech2012v1-232x300.jpg 232w, https:\/\/grapheneljsc.com\/wp-content\/uploads\/2020\/10\/Nanotech2012v1.jpg 612w\" sizes=\"(max-width: 232px) 100vw, 232px\" \/>\t\t\t\t\t\t\t\t\t\t\t\t\t\t<\/div>\n\t\t\t\t\t\t<\/div>\n\t\t\t\t<\/div>\n\t\t\t\t<div class=\"elementor-element elementor-element-61fc238a elementor-widget elementor-widget-heading\" data-id=\"61fc238a\" data-element_type=\"widget\" data-widget_type=\"heading.default\">\n\t\t\t\t<div class=\"elementor-widget-container\">\n\t\t\t<p class=\"elementor-heading-title elementor-size-medium\"><a href=\"https:\/\/briefs.techconnect.org\/papers\/high-electrical-conductivity-nanocomposites-prepared-with-graphenes-synthesized-by-catalyst-stagger\/\">\u0110\u1ecdc th\u00eam<\/a><\/p>\t\t<\/div>\n\t\t\t\t<\/div>\n\t\t\t\t\t\t<\/div>\n\t\t\t\t\t<\/div>\n\t\t<\/div>\n\t\t\t\t\t\t\t\t<\/div>\n\t\t\t\t\t<\/div>\n\t\t<\/section>\n\t\t\t\t<section class=\"elementor-section elementor-top-section elementor-element elementor-element-4ac4392 elementor-section-height-min-height elementor-section-content-middle elementor-section-boxed elementor-section-height-default elementor-section-items-middle\" data-id=\"4ac4392\" data-element_type=\"section\" data-settings=\"{&quot;background_background&quot;:&quot;classic&quot;}\">\n\t\t\t\t\t\t<div class=\"elementor-container elementor-column-gap-default\">\n\t\t\t\t\t\t\t<div class=\"elementor-row\">\n\t\t\t\t\t<div class=\"elementor-column elementor-col-100 elementor-top-column elementor-element elementor-element-84a9b79\" data-id=\"84a9b79\" data-element_type=\"column\">\n\t\t\t<div class=\"elementor-column-wrap elementor-element-populated\">\n\t\t\t\t\t\t\t<div class=\"elementor-widget-wrap\">\n\t\t\t\t\t\t<div class=\"elementor-element elementor-element-38596bfa elementor-widget elementor-widget-heading\" data-id=\"38596bfa\" data-element_type=\"widget\" data-widget_type=\"heading.default\">\n\t\t\t\t<div class=\"elementor-widget-container\">\n\t\t\t<h3 class=\"elementor-heading-title elementor-size-large\">NGHI\u00caN C\u1ee8U KH\u00c1C<\/h3>\t\t<\/div>\n\t\t\t\t<\/div>\n\t\t\t\t<section class=\"elementor-section elementor-inner-section elementor-element elementor-element-7c704dc elementor-section-boxed elementor-section-height-default elementor-section-height-default\" data-id=\"7c704dc\" data-element_type=\"section\">\n\t\t\t\t\t\t<div class=\"elementor-container elementor-column-gap-default\">\n\t\t\t\t\t\t\t<div class=\"elementor-row\">\n\t\t\t\t\t<div class=\"elementor-column elementor-col-50 elementor-inner-column elementor-element elementor-element-44c858d\" data-id=\"44c858d\" data-element_type=\"column\">\n\t\t\t<div class=\"elementor-column-wrap elementor-element-populated\">\n\t\t\t\t\t\t\t<div class=\"elementor-widget-wrap\">\n\t\t\t\t\t\t<div class=\"elementor-element elementor-element-6230be5f elementor-position-left elementor-vertical-align-middle elementor-widget elementor-widget-image-box\" data-id=\"6230be5f\" data-element_type=\"widget\" data-widget_type=\"image-box.default\">\n\t\t\t\t<div class=\"elementor-widget-container\">\n\t\t\t<div class=\"elementor-image-box-wrapper\"><div class=\"elementor-image-box-content\"><h3 class=\"elementor-image-box-title\">Ternary graphene-carbon nanofibers-carbon nanotubes structure for hybrid supercapacitor<\/h3><p class=\"elementor-image-box-description\">ScienceDirect: by Co-Author Prof.Dr Thanh Tran <\/p><\/div><\/div>\t\t<\/div>\n\t\t\t\t<\/div>\n\t\t\t\t<div class=\"elementor-element elementor-element-210edf4 elementor-widget elementor-widget-heading\" data-id=\"210edf4\" data-element_type=\"widget\" data-widget_type=\"heading.default\">\n\t\t\t\t<div class=\"elementor-widget-container\">\n\t\t\t<p class=\"elementor-heading-title elementor-size-medium\"><a href=\"https:\/\/www.sciencedirect.com\/science\/article\/abs\/pii\/S1385894719319461#ab015\">\u0110\u1ecdc th\u00eam<\/a><\/p>\t\t<\/div>\n\t\t\t\t<\/div>\n\t\t\t\t\t\t<\/div>\n\t\t\t\t\t<\/div>\n\t\t<\/div>\n\t\t\t\t<div class=\"elementor-column elementor-col-50 elementor-inner-column elementor-element elementor-element-75de0ed\" data-id=\"75de0ed\" data-element_type=\"column\">\n\t\t\t<div class=\"elementor-column-wrap elementor-element-populated\">\n\t\t\t\t\t\t\t<div class=\"elementor-widget-wrap\">\n\t\t\t\t\t\t<div class=\"elementor-element elementor-element-68dd6b54 elementor-position-left elementor-vertical-align-middle elementor-widget elementor-widget-image-box\" data-id=\"68dd6b54\" data-element_type=\"widget\" data-widget_type=\"image-box.default\">\n\t\t\t\t<div class=\"elementor-widget-container\">\n\t\t\t<div class=\"elementor-image-box-wrapper\"><div class=\"elementor-image-box-content\"><h3 class=\"elementor-image-box-title\">Mesoporous iron sulfide nanoparticles anchored graphene sheet as an efficient and durable catalyst for oxygen reduction reaction<\/h3><p class=\"elementor-image-box-description\">ScienceDirect: by Co-Author Prof.Dr Thanh Tran <\/p><\/div><\/div>\t\t<\/div>\n\t\t\t\t<\/div>\n\t\t\t\t<div class=\"elementor-element elementor-element-f74d4bb elementor-widget elementor-widget-heading\" data-id=\"f74d4bb\" data-element_type=\"widget\" data-widget_type=\"heading.default\">\n\t\t\t\t<div class=\"elementor-widget-container\">\n\t\t\t<p class=\"elementor-heading-title elementor-size-medium\"><a href=\"https:\/\/www.sciencedirect.com\/science\/article\/abs\/pii\/S0378775319304860#abs0010\">\u0110\u1ecdc th\u00eam<\/a><\/p>\t\t<\/div>\n\t\t\t\t<\/div>\n\t\t\t\t\t\t<\/div>\n\t\t\t\t\t<\/div>\n\t\t<\/div>\n\t\t\t\t\t\t\t\t<\/div>\n\t\t\t\t\t<\/div>\n\t\t<\/section>\n\t\t\t\t\t\t<\/div>\n\t\t\t\t\t<\/div>\n\t\t<\/div>\n\t\t\t\t\t\t\t\t<\/div>\n\t\t\t\t\t<\/div>\n\t\t<\/section>\n\t\t\t\t\t\t<\/div>\n\t\t\t\t\t\t<\/div>\n\t\t\t\t\t<\/div>","protected":false},"excerpt":{"rendered":"<p>&#8220;Graphene, the world&#8217;s wonder material, is dramatically changing several industries&#8221; R&amp;D Mission Synthesis of Graphene Materials Catalyst optimization Process optimization Production cost optimization Development of Products\u00a0 Continuous improvement of product properties Optimization of product integration into customer production processes Adaptation of the range to customer needs Focus Application Composites &amp; Coatings: The impact of graphene-based &hellip; <\/p>","protected":false},"author":1,"featured_media":0,"parent":0,"menu_order":0,"comment_status":"closed","ping_status":"closed","template":"elementor_header_footer","meta":[],"_links":{"self":[{"href":"https:\/\/grapheneljsc.com\/vi\/wp-json\/wp\/v2\/pages\/2044"}],"collection":[{"href":"https:\/\/grapheneljsc.com\/vi\/wp-json\/wp\/v2\/pages"}],"about":[{"href":"https:\/\/grapheneljsc.com\/vi\/wp-json\/wp\/v2\/types\/page"}],"author":[{"embeddable":true,"href":"https:\/\/grapheneljsc.com\/vi\/wp-json\/wp\/v2\/users\/1"}],"replies":[{"embeddable":true,"href":"https:\/\/grapheneljsc.com\/vi\/wp-json\/wp\/v2\/comments?post=2044"}],"version-history":[{"count":65,"href":"https:\/\/grapheneljsc.com\/vi\/wp-json\/wp\/v2\/pages\/2044\/revisions"}],"predecessor-version":[{"id":2588,"href":"https:\/\/grapheneljsc.com\/vi\/wp-json\/wp\/v2\/pages\/2044\/revisions\/2588"}],"wp:attachment":[{"href":"https:\/\/grapheneljsc.com\/vi\/wp-json\/wp\/v2\/media?parent=2044"}],"curies":[{"name":"wp","href":"https:\/\/api.w.org\/{rel}","templated":true}]}}