{"id":2046,"date":"2020-10-29T02:36:17","date_gmt":"2020-10-29T02:36:17","guid":{"rendered":"https:\/\/grapheneljsc.com\/?page_id=2046"},"modified":"2025-03-09T15:45:12","modified_gmt":"2025-03-09T08:45:12","slug":"composites-graphene","status":"publish","type":"page","link":"https:\/\/grapheneljsc.com\/vi\/composites-graphene\/","title":{"rendered":"V\u1eadt li\u1ec7u t\u1ed5ng h\u1ee3p\/Graphene"},"content":{"rendered":"<div data-elementor-type=\"wp-page\" data-elementor-id=\"2046\" class=\"elementor elementor-2046\" data-elementor-settings=\"[]\">\n\t\t\t\t\t\t<div class=\"elementor-inner\">\n\t\t\t\t\t\t\t<div class=\"elementor-section-wrap\">\n\t\t\t\t\t\t\t<section class=\"elementor-section elementor-top-section elementor-element elementor-element-d433a2d elementor-section-height-min-height elementor-section-boxed elementor-section-height-default elementor-section-items-middle\" data-id=\"d433a2d\" data-element_type=\"section\" data-settings=\"{&quot;background_background&quot;:&quot;classic&quot;}\">\n\t\t\t\t\t\t\t<div class=\"elementor-background-overlay\"><\/div>\n\t\t\t\t\t\t\t<div class=\"elementor-container elementor-column-gap-default\">\n\t\t\t\t\t\t\t<div class=\"elementor-row\">\n\t\t\t\t\t<div class=\"elementor-column elementor-col-100 elementor-top-column elementor-element elementor-element-afc7739\" data-id=\"afc7739\" data-element_type=\"column\">\n\t\t\t<div class=\"elementor-column-wrap elementor-element-populated\">\n\t\t\t\t\t\t\t<div class=\"elementor-widget-wrap\">\n\t\t\t\t\t\t<div class=\"elementor-element elementor-element-9140fbd elementor-widget elementor-widget-heading\" data-id=\"9140fbd\" data-element_type=\"widget\" data-widget_type=\"heading.default\">\n\t\t\t\t<div class=\"elementor-widget-container\">\n\t\t\t<h2 class=\"elementor-heading-title elementor-size-default\">\"Graphene - V\u1eadt li\u1ec7u k\u1ef3 di\u1ec7u \u0111ang c\u00e1ch m\u1ea1ng h\u00f3a \u0111a ng\u00e0nh c\u00f4ng nghi\u1ec7p tr\u00ean to\u00e0n c\u1ea7u.\"\n<\/h2>\t\t<\/div>\n\t\t\t\t<\/div>\n\t\t\t\t\t\t<\/div>\n\t\t\t\t\t<\/div>\n\t\t<\/div>\n\t\t\t\t\t\t\t\t<\/div>\n\t\t\t\t\t<\/div>\n\t\t<\/section>\n\t\t\t\t<section class=\"elementor-section elementor-top-section elementor-element elementor-element-3b77d91 elementor-section-height-min-height elementor-section-content-middle elementor-section-boxed elementor-section-height-default elementor-section-items-middle\" data-id=\"3b77d91\" data-element_type=\"section\" data-settings=\"{&quot;background_background&quot;:&quot;classic&quot;}\">\n\t\t\t\t\t\t<div class=\"elementor-container elementor-column-gap-default\">\n\t\t\t\t\t\t\t<div class=\"elementor-row\">\n\t\t\t\t\t<div class=\"elementor-column elementor-col-100 elementor-top-column elementor-element elementor-element-3b36921\" data-id=\"3b36921\" data-element_type=\"column\">\n\t\t\t<div class=\"elementor-column-wrap elementor-element-populated\">\n\t\t\t\t\t\t\t<div class=\"elementor-widget-wrap\">\n\t\t\t\t\t\t<div class=\"elementor-element elementor-element-6e4e1e1 elementor-widget elementor-widget-spacer\" data-id=\"6e4e1e1\" data-element_type=\"widget\" data-widget_type=\"spacer.default\">\n\t\t\t\t<div class=\"elementor-widget-container\">\n\t\t\t\t\t<div class=\"elementor-spacer\">\n\t\t\t<div class=\"elementor-spacer-inner\"><\/div>\n\t\t<\/div>\n\t\t\t\t<\/div>\n\t\t\t\t<\/div>\n\t\t\t\t<section class=\"elementor-section elementor-inner-section elementor-element elementor-element-47e82cd elementor-section-boxed elementor-section-height-default elementor-section-height-default\" data-id=\"47e82cd\" data-element_type=\"section\">\n\t\t\t\t\t\t<div class=\"elementor-container elementor-column-gap-default\">\n\t\t\t\t\t\t\t<div class=\"elementor-row\">\n\t\t\t\t\t<div class=\"elementor-column elementor-col-100 elementor-inner-column elementor-element elementor-element-706dbdd\" data-id=\"706dbdd\" data-element_type=\"column\">\n\t\t\t<div class=\"elementor-column-wrap elementor-element-populated\">\n\t\t\t\t\t\t\t<div class=\"elementor-widget-wrap\">\n\t\t\t\t\t\t<div class=\"elementor-element elementor-element-b5a575a elementor-widget elementor-widget-heading\" data-id=\"b5a575a\" data-element_type=\"widget\" data-widget_type=\"heading.default\">\n\t\t\t\t<div class=\"elementor-widget-container\">\n\t\t\t<h3 class=\"elementor-heading-title elementor-size-large\">V\u1eacT LI\u1ec6U T\u1ed4NG H\u1ee2P V\u00c0 L\u1edaP PH\u1ee6<\/h3>\t\t<\/div>\n\t\t\t\t<\/div>\n\t\t\t\t<div class=\"elementor-element elementor-element-8b373d9 elementor-widget elementor-widget-text-editor\" data-id=\"8b373d9\" data-element_type=\"widget\" data-widget_type=\"text-editor.default\">\n\t\t\t\t<div class=\"elementor-widget-container\">\n\t\t\t\t\t\t\t\t<div class=\"elementor-text-editor elementor-clearfix\">\n\t\t\t\t<p>V\u1eadt li\u1ec7u composite graphene g\u00e2y ti\u1ebfng vang \u0111a ng\u00e0nh nh\u1edd hi\u1ec7u n\u0103ng v\u01b0\u1ee3t tr\u1ed9i v\u00e0 kh\u1ea3 n\u0103ng \u1ee9ng d\u1ee5ng \u0111\u1ed9t ph\u00e1, m\u1edf ra k\u1ef7 nguy\u00ean m\u1edbi cho c\u00f4ng nghi\u1ec7p hi\u1ec7n \u0111\u1ea1i.<\/p><p><b>T\u01b0\u01a1ng lai v\u1eadt li\u1ec7u kh\u00f4ng b\u1ecb oxy ho\u00e1<br \/><\/b>Graphene k\u1ebft h\u1ee3p v\u1edbi s\u01a1n t\u1ea1o l\u1edbp ph\u1ee7 \u0111\u1ed9t ph\u00e1, ch\u1ea5m d\u1ee9t v\u1ea5n \u0111\u1ec1 \u0103n m\u00f2n tr\u00ean t\u00e0u bi\u1ec3n v\u00e0 \u00f4 t\u00f4 nh\u1edd kh\u1ea3 n\u0103ng ch\u1ed1ng g\u1ec9 v\u01b0\u1ee3t tr\u1ed9i.<\/p><p><b>Graphene cho ng\u00e0nh th\u1ec3 thao<br \/><\/b>Thi\u1ebft b\u1ecb th\u1ec3 thao lu\u00f4n ti\u00ean phong \u1ee9ng d\u1ee5ng v\u1eadt li\u1ec7u m\u1edbi, \u0111i\u1ec3n h\u00ecnh l\u00e0 th\u00e0nh c\u00f4ng c\u1ee7a v\u1ee3t tennis t\u00edch h\u1ee3p graphene. Trong t\u01b0\u01a1ng lai g\u1ea7n, v\u1eadt li\u1ec7u composite v\u00e0 l\u1edbp ph\u1ee7 graphene s\u1ebd ti\u1ebfp t\u1ee5c c\u00e1ch m\u1ea1ng h\u00f3a hi\u1ec7u su\u1ea5t thi\u1ebft b\u1ecb cho c\u00e1c m\u00f4n tr\u01b0\u1ee3t tuy\u1ebft, xe \u0111\u1ea1p v\u00e0 c\u1ea3 Formula 1.<\/p><p><strong>B\u01b0\u1edbc ti\u1ebfp theo l\u00e0 s\u1eed d\u1ee5ng v\u1eadt li\u1ec7u composite th\u00f4ng minh.<\/strong><\/p><p>\"Ch\u00fang t\u00f4i t\u00edch h\u1ee3p c\u1ea3m bi\u1ebfn v\u00e0o v\u1eadt li\u1ec7u th\u00f4ng minh \u0111\u1ec3 theo d\u00f5i hi\u1ec7u su\u1ea5t, \u0111\u1ed9 b\u1ec1n, c\u1ea5u tr\u00fac v\u00e0 ph\u00e1t hi\u1ec7n k\u1ecbp th\u1eddi \u1ee9ng su\u1ea5t\/h\u01b0 h\u1ecfng. V\u1eadt li\u1ec7u th\u00f4ng minh ch\u00ednh l\u00e0 'v\u1eadt li\u1ec7u s\u1ed1ng' c\u00f3 kh\u1ea3 n\u0103ng t\u1ef1 c\u1ea3nh b\u00e1o v\u00e0 th\u00edch \u1ee9ng v\u1edbi m\u00f4i tr\u01b0\u1eddng.\"<\/p><p>Graphene - 'linh h\u1ed3n' c\u1ee7a v\u1eadt li\u1ec7u composite th\u00f4ng minh. V\u1edbi kh\u1ea3 n\u0103ng d\u1eabn \u0111i\u1ec7n v\u01b0\u1ee3t tr\u1ed9i, khi \u0111\u01b0\u1ee3c t\u00edch h\u1ee3p v\u00e0o th\u00e9p, b\u00ea t\u00f4ng ho\u1eb7c v\u1ea3i, graphene bi\u1ebfn ch\u00fang th\u00e0nh c\u1ea3m bi\u1ebfn t\u1ef1 nhi\u00ean nh\u1edd truy\u1ec1n t\u00edn hi\u1ec7u \u0111i\u1ec7n, m\u1edf ra k\u1ef7 nguy\u00ean v\u1eadt li\u1ec7u t\u1ef1 gi\u00e1m s\u00e1t v\u00e0 ph\u1ea3n \u1ee9ng th\u00f4ng minh.<\/p>\t\t\t\t\t<\/div>\n\t\t\t\t\t\t<\/div>\n\t\t\t\t<\/div>\n\t\t\t\t<div class=\"elementor-element elementor-element-cd4b0c4 elementor-widget elementor-widget-heading\" data-id=\"cd4b0c4\" data-element_type=\"widget\" data-widget_type=\"heading.default\">\n\t\t\t\t<div class=\"elementor-widget-container\">\n\t\t\t<h3 class=\"elementor-heading-title elementor-size-large\">D\u1ef0 \u00c1N NGHI\u00caN C\u1ee8U &amp; PH\u00c1T TRI\u1ec2N<\/h3>\t\t<\/div>\n\t\t\t\t<\/div>\n\t\t\t\t\t\t<\/div>\n\t\t\t\t\t<\/div>\n\t\t<\/div>\n\t\t\t\t\t\t\t\t<\/div>\n\t\t\t\t\t<\/div>\n\t\t<\/section>\n\t\t\t\t<section class=\"elementor-section elementor-inner-section elementor-element elementor-element-8861995 elementor-section-boxed elementor-section-height-default elementor-section-height-default\" data-id=\"8861995\" data-element_type=\"section\">\n\t\t\t\t\t\t<div class=\"elementor-container elementor-column-gap-default\">\n\t\t\t\t\t\t\t<div class=\"elementor-row\">\n\t\t\t\t\t<div class=\"elementor-column elementor-col-100 elementor-inner-column elementor-element elementor-element-b712a34\" data-id=\"b712a34\" data-element_type=\"column\">\n\t\t\t<div class=\"elementor-column-wrap elementor-element-populated\">\n\t\t\t\t\t\t\t<div class=\"elementor-widget-wrap\">\n\t\t\t\t\t\t<div class=\"elementor-element elementor-element-73d4165 elementor-position-right elementor-vertical-align-middle elementor-widget elementor-widget-image-box\" data-id=\"73d4165\" data-element_type=\"widget\" data-widget_type=\"image-box.default\">\n\t\t\t\t<div class=\"elementor-widget-container\">\n\t\t\t<div class=\"elementor-image-box-wrapper\"><div class=\"elementor-image-box-content\"><h3 class=\"elementor-image-box-title\">Ph\u1ee5 gia Graphene b\u00ea t\u00f4ng<\/h3><p class=\"elementor-image-box-description\">S\u1ef1 gia t\u0103ng d\u00e2n s\u1ed1 v\u00e0 qu\u00e1 tr\u00ecnh \u0111\u00f4 th\u1ecb h\u00f3a nhanh ch\u00f3ng ti\u1ebfp t\u1ee5c th\u00fac \u0111\u1ea9y s\u1ef1 ph\u00e1t tri\u1ec3n c\u1ee7a c\u00e1c s\u1ea3n ph\u1ea9m b\u00ea t\u00f4ng nh\u01b0ng ng\u00e0nh n\u00e0y \u0111ang ph\u1ea3i \u0111\u1ed1i m\u1eb7t v\u1edbi nh\u1eefng th\u00e1ch th\u1ee9c l\u1edbn, \u0111\u1eb7c bi\u1ec7t l\u00e0 \u00e1p l\u1ef1c gi\u1ea3m l\u01b0\u1ee3ng kh\u00ed th\u1ea3i carbon (ph\u00e1t th\u1ea3i CO2) t\u1eeb c\u00e1c s\u1ea3n ph\u1ea9m xi m\u0103ng.\n\n<br>Vi\u1ec7c s\u1eed d\u1ee5ng ph\u1ee5 gia graphene c\u00f3 th\u1ec3 l\u00e0m t\u0103ng \u0111\u1ed9 b\u1ec1n, gi\u1ea3m l\u01b0\u1ee3ng v\u1eadt li\u1ec7u s\u1eed d\u1ee5ng (gi\u1ea3m l\u01b0\u1ee3ng kh\u00ed th\u1ea3i carbon) v\u00e0 c\u00f3 kh\u1ea3 n\u0103ng t\u0103ng tu\u1ed5i th\u1ecd c\u1ee7a s\u1ea3n ph\u1ea9m.\n\n<br>C\u00f4ng ngh\u1ec7 n\u00e0y c\u00f3 ti\u1ec1m n\u0103ng t\u1ea1o ra nh\u1eefng k\u1ebft c\u1ea5u b\u00ea t\u00f4ng ch\u1eafc ch\u1eafn h\u01a1n, nh\u1eb9 h\u01a1n, cho ph\u00e9p t\u1ea1o ra th\u1ebf h\u1ec7 thi\u1ebft k\u1ebf b\u00ea t\u00f4ng m\u1edbi.\n\n<br>Graphenel JSC cung c\u1ea5p graphene k\u00edch th\u01b0\u1edbc h\u1ea1t 50-90\u00b5m, \u0111\u01b0\u1ee3c \u1ee9ng d\u1ee5ng trong h\u1ed7n h\u1ee3p xi m\u0103ng th\u00f4ng qua quy tr\u00ecnh ph\u00e2n t\u00e1n \u0111\u1ed3ng nh\u1ea5t trong dung d\u1ecbch ch\u1ea5t d\u1ebbo h\u00f3a tr\u01b0\u1edbc khi tr\u1ed9n. C\u00f4ng ngh\u1ec7 n\u00e0y t\u1ea1o ra k\u1ebft c\u1ea5u b\u00ea t\u00f4ng si\u00eau b\u1ec1n, nh\u1eb9 h\u01a1n 30%, \u0111\u1ed3ng th\u1eddi m\u1edf \u0111\u01b0\u1eddng cho c\u00e1c thi\u1ebft k\u1ebf x\u00e2y d\u1ef1ng \u2013 h\u1ea1 t\u1ea7ng xanh v\u00e0 ti\u1ebft ki\u1ec7m n\u0103ng l\u01b0\u1ee3ng.  <br>C\u00e1c th\u1eed nghi\u1ec7m b\u00ean ngo\u00e0i cho th\u1ea5y c\u01b0\u1eddng \u0111\u1ed9 n\u00e9n c\u1ee7a b\u00ea t\u00f4ng t\u0103ng 40% v\u00e0 c\u01b0\u1eddng \u0111\u1ed9 k\u00e9o t\u0103ng 30%.\n<\/p><\/div><\/div>\t\t<\/div>\n\t\t\t\t<\/div>\n\t\t\t\t\t\t<\/div>\n\t\t\t\t\t<\/div>\n\t\t<\/div>\n\t\t\t\t\t\t\t\t<\/div>\n\t\t\t\t\t<\/div>\n\t\t<\/section>\n\t\t\t\t<section class=\"elementor-section elementor-inner-section elementor-element elementor-element-71679dd elementor-section-boxed elementor-section-height-default elementor-section-height-default\" data-id=\"71679dd\" data-element_type=\"section\">\n\t\t\t\t\t\t<div class=\"elementor-container elementor-column-gap-default\">\n\t\t\t\t\t\t\t<div class=\"elementor-row\">\n\t\t\t\t\t<div class=\"elementor-column elementor-col-50 elementor-inner-column elementor-element elementor-element-cc90d35\" data-id=\"cc90d35\" data-element_type=\"column\">\n\t\t\t<div class=\"elementor-column-wrap elementor-element-populated\">\n\t\t\t\t\t\t\t<div class=\"elementor-widget-wrap\">\n\t\t\t\t\t\t<div class=\"elementor-element elementor-element-cae35e7 elementor-widget elementor-widget-image\" data-id=\"cae35e7\" data-element_type=\"widget\" data-widget_type=\"image.default\">\n\t\t\t\t<div class=\"elementor-widget-container\">\n\t\t\t\t\t\t\t\t<div class=\"elementor-image\">\n\t\t\t\t\t\t\t\t\t\t\t\t\t<a href=\"https:\/\/doi.org\/10.1016\/j.conbuildmat.2022.126677\" target=\"_blank\">\n\t\t\t\t\t\t\t<img width=\"150\" height=\"200\" src=\"https:\/\/grapheneljsc.com\/wp-content\/uploads\/2022\/06\/1-s2.0-S0950061822X00056-cov200h.gif\" class=\"attachment-medium size-medium\" alt=\"\" loading=\"lazy\" \/>\t\t\t\t\t\t\t\t<\/a>\n\t\t\t\t\t\t\t\t\t\t\t\t\t\t<\/div>\n\t\t\t\t\t\t<\/div>\n\t\t\t\t<\/div>\n\t\t\t\t\t\t<\/div>\n\t\t\t\t\t<\/div>\n\t\t<\/div>\n\t\t\t\t<div class=\"elementor-column elementor-col-50 elementor-inner-column elementor-element elementor-element-3a049f0\" data-id=\"3a049f0\" data-element_type=\"column\">\n\t\t\t<div class=\"elementor-column-wrap elementor-element-populated\">\n\t\t\t\t\t\t\t<div class=\"elementor-widget-wrap\">\n\t\t\t\t\t\t<div class=\"elementor-element elementor-element-7cd85af elementor-position-right elementor-vertical-align-middle elementor-widget elementor-widget-image-box\" data-id=\"7cd85af\" data-element_type=\"widget\" data-widget_type=\"image-box.default\">\n\t\t\t\t<div class=\"elementor-widget-container\">\n\t\t\t<div class=\"elementor-image-box-wrapper\"><div class=\"elementor-image-box-content\"><h3 class=\"elementor-image-box-title\">Nghi\u00ean c\u1ee9u kh\u1ea3o s\u00e1t \u1ee9ng d\u1ee5ng t\u1ea5m nano c\u1ea5u tr\u00fac graphene<\/h3><p class=\"elementor-image-box-description\">H\u1ee3p t\u00e1c Ph\u00e1t tri\u1ec3n gi\u1eefa Graphenel JSC v\u00e0 Nh\u00f3m Nghi\u00ean c\u1ee9u Ph\u00e1t tri\u1ec3n B\u1ec1n v\u1eefng trong K\u1ef9 thu\u1eadt X\u00e2y d\u1ef1ng, Khoa K\u1ef9 thu\u1eadt X\u00e2y d\u1ef1ng, Tr\u01b0\u1eddng \u0110\u1ea1i h\u1ecdc T\u00f4n \u0110\u1ee9c Th\u1eafng.<\/p><\/div><\/div>\t\t<\/div>\n\t\t\t\t<\/div>\n\t\t\t\t<div class=\"elementor-element elementor-element-ec82d74 elementor-button-info elementor-align-left elementor-widget elementor-widget-button\" data-id=\"ec82d74\" data-element_type=\"widget\" data-widget_type=\"button.default\">\n\t\t\t\t<div class=\"elementor-widget-container\">\n\t\t\t\t\t<div class=\"elementor-button-wrapper\">\n\t\t\t<a href=\"https:\/\/doi.org\/10.1016\/j.conbuildmat.2022.126677\" target=\"_blank\" class=\"elementor-button-link elementor-button elementor-size-sm\" role=\"button\">\n\t\t\t\t\t\t<span class=\"elementor-button-content-wrapper\">\n\t\t\t\t\t\t<span class=\"elementor-button-text\">\u0110\u1ecdc th\u00eam<\/span>\n\t\t<\/span>\n\t\t\t\t\t<\/a>\n\t\t<\/div>\n\t\t\t\t<\/div>\n\t\t\t\t<\/div>\n\t\t\t\t\t\t<\/div>\n\t\t\t\t\t<\/div>\n\t\t<\/div>\n\t\t\t\t\t\t\t\t<\/div>\n\t\t\t\t\t<\/div>\n\t\t<\/section>\n\t\t\t\t<section class=\"elementor-section elementor-inner-section elementor-element elementor-element-8d4a75a elementor-section-boxed elementor-section-height-default elementor-section-height-default\" data-id=\"8d4a75a\" data-element_type=\"section\">\n\t\t\t\t\t\t<div class=\"elementor-container elementor-column-gap-default\">\n\t\t\t\t\t\t\t<div class=\"elementor-row\">\n\t\t\t\t\t<div class=\"elementor-column elementor-col-100 elementor-inner-column elementor-element elementor-element-0965311\" data-id=\"0965311\" data-element_type=\"column\">\n\t\t\t<div class=\"elementor-column-wrap elementor-element-populated\">\n\t\t\t\t\t\t\t<div class=\"elementor-widget-wrap\">\n\t\t\t\t\t\t<div class=\"elementor-element elementor-element-aab707c elementor-position-right elementor-vertical-align-middle elementor-widget elementor-widget-image-box\" data-id=\"aab707c\" data-element_type=\"widget\" data-widget_type=\"image-box.default\">\n\t\t\t\t<div class=\"elementor-widget-container\">\n\t\t\t<div class=\"elementor-image-box-wrapper\"><div class=\"elementor-image-box-content\"><h3 class=\"elementor-image-box-title\">L\u1edbp ph\u1ee7 Graphene Epoxy<\/h3><p class=\"elementor-image-box-description\">L\u1edbp ph\u1ee7 epoxy (EP) l\u00e0 c\u00f4ng ngh\u1ec7 h\u00e0ng \u0111\u1ea7u trong vi\u1ec7c b\u1ea3o v\u1ec7 k\u1ebft c\u1ea5u th\u00e9p kh\u1ecfi \u0103n m\u00f2n t\u1ea1i c\u00e1c c\u00f4ng tr\u00ecnh c\u00f4ng nghi\u1ec7p hi\u1ec7n \u0111\u1ea1i. Nghi\u00ean c\u1ee9u n\u00e0y t\u1eadp trung n\u00e2ng c\u1ea5p c\u00f4ng ngh\u1ec7 tr\u00ean th\u00f4ng qua vi\u1ec7c t\u00edch h\u1ee3p v\u1eadt li\u1ec7u graphene. C\u1ee5 th\u1ec3, l\u1edbp ph\u1ee7 composite ch\u1ee9a graphene oxide (GO) \u0111\u01b0\u1ee3c ph\u1ee7 tr\u1ef1c ti\u1ebfp l\u00ean b\u1ec1 m\u1eb7t th\u00e9p. Hi\u1ec7u n\u0103ng ch\u1ed1ng \u0103n m\u00f2n (AC) \u0111\u01b0\u1ee3c \u0111\u00e1nh gi\u00e1 to\u00e0n di\u1ec7n qua hai ph\u01b0\u01a1ng ph\u00e1p: Th\u1eed nghi\u1ec7m s\u01b0\u01a1ng mu\u1ed1i (SFC) v\u00e0 ph\u00e2n t\u00edch \u0111i\u1ec7n h\u00f3a (EC). K\u1ebft qu\u1ea3 cho th\u1ea5y, GO th\u1ec3 hi\u1ec7n \u01b0u th\u1ebf v\u01b0\u1ee3t tr\u1ed9i so v\u1edbi EP nguy\u00ean ch\u1ea5t khi \u0111\u00f3ng vai tr\u00f2 ch\u1ea5t \u0111\u1ed9n r\u00e0o c\u1ea3n AC, c\u1ea3i thi\u1ec7n \u0111\u00e1ng k\u1ec3 \u0111\u1ed9 b\u1ec1n v\u00e0 kh\u1ea3 n\u0103ng b\u1ea3o v\u1ec7 v\u1eadt li\u1ec7u n\u1ec1n.<br><br>Graphene Oxide (GO) t\u00edch h\u1ee3p nh\u00f3m ch\u1ee9c li\u00ean k\u1ebft EP \u0111\u1ed9c quy\u1ec1n t\u1eeb Graphenel JSC gi\u00fap t\u0103ng 30% kh\u1ea3 n\u0103ng kh\u00e1ng mu\u1ed1i v\u00e0 r\u00fat ng\u1eafn 2\/3 th\u1eddi gian ho\u00e0n thi\u1ec7n s\u1ea3n ph\u1ea9m.<\/p><\/div><\/div>\t\t<\/div>\n\t\t\t\t<\/div>\n\t\t\t\t<div class=\"elementor-element elementor-element-1be2740 elementor-widget elementor-widget-image\" data-id=\"1be2740\" data-element_type=\"widget\" data-widget_type=\"image.default\">\n\t\t\t\t<div class=\"elementor-widget-container\">\n\t\t\t\t\t\t\t\t<div class=\"elementor-image\">\n\t\t\t\t\t\t\t\t\t\t\t\t<img width=\"830\" height=\"554\" src=\"https:\/\/grapheneljsc.com\/wp-content\/uploads\/2021\/03\/Antifouling-Coatings-market-1024x683-1.jpg\" class=\"attachment-large size-large\" alt=\"\" loading=\"lazy\" srcset=\"https:\/\/grapheneljsc.com\/wp-content\/uploads\/2021\/03\/Antifouling-Coatings-market-1024x683-1.jpg 1024w, https:\/\/grapheneljsc.com\/wp-content\/uploads\/2021\/03\/Antifouling-Coatings-market-1024x683-1-300x200.jpg 300w, https:\/\/grapheneljsc.com\/wp-content\/uploads\/2021\/03\/Antifouling-Coatings-market-1024x683-1-768x512.jpg 768w, https:\/\/grapheneljsc.com\/wp-content\/uploads\/2021\/03\/Antifouling-Coatings-market-1024x683-1-600x400.jpg 600w\" sizes=\"(max-width: 830px) 100vw, 830px\" \/>\t\t\t\t\t\t\t\t\t\t\t\t\t\t<\/div>\n\t\t\t\t\t\t<\/div>\n\t\t\t\t<\/div>\n\t\t\t\t\t\t<\/div>\n\t\t\t\t\t<\/div>\n\t\t<\/div>\n\t\t\t\t\t\t\t\t<\/div>\n\t\t\t\t\t<\/div>\n\t\t<\/section>\n\t\t\t\t\t\t<\/div>\n\t\t\t\t\t<\/div>\n\t\t<\/div>\n\t\t\t\t\t\t\t\t<\/div>\n\t\t\t\t\t<\/div>\n\t\t<\/section>\n\t\t\t\t\t\t<\/div>\n\t\t\t\t\t\t<\/div>\n\t\t\t\t\t<\/div>","protected":false},"excerpt":{"rendered":"<p>&#8220;Graphene, the world&#8217;s wonder material, is dramatically changing several industries&#8221; Composites &amp; coatings The impact of graphene-based composites is set to reverberate throughout countless industries, enhance performance and increase application possibilities. Rust-free futureBy combining graphene with paint, a unique graphene coating is formed which could signal the end of the deterioration of ships and cars &hellip; <\/p>","protected":false},"author":1,"featured_media":0,"parent":0,"menu_order":0,"comment_status":"closed","ping_status":"closed","template":"elementor_header_footer","meta":[],"_links":{"self":[{"href":"https:\/\/grapheneljsc.com\/vi\/wp-json\/wp\/v2\/pages\/2046"}],"collection":[{"href":"https:\/\/grapheneljsc.com\/vi\/wp-json\/wp\/v2\/pages"}],"about":[{"href":"https:\/\/grapheneljsc.com\/vi\/wp-json\/wp\/v2\/types\/page"}],"author":[{"embeddable":true,"href":"https:\/\/grapheneljsc.com\/vi\/wp-json\/wp\/v2\/users\/1"}],"replies":[{"embeddable":true,"href":"https:\/\/grapheneljsc.com\/vi\/wp-json\/wp\/v2\/comments?post=2046"}],"version-history":[{"count":146,"href":"https:\/\/grapheneljsc.com\/vi\/wp-json\/wp\/v2\/pages\/2046\/revisions"}],"predecessor-version":[{"id":3378,"href":"https:\/\/grapheneljsc.com\/vi\/wp-json\/wp\/v2\/pages\/2046\/revisions\/3378"}],"wp:attachment":[{"href":"https:\/\/grapheneljsc.com\/vi\/wp-json\/wp\/v2\/media?parent=2046"}],"curies":[{"name":"wp","href":"https:\/\/api.w.org\/{rel}","templated":true}]}}